{"id":444939,"date":"2024-04-07T12:59:18","date_gmt":"2024-04-07T10:59:18","guid":{"rendered":"https:\/\/2it-pse.com\/?page_id=444939"},"modified":"2024-05-13T09:05:07","modified_gmt":"2024-05-13T07:05:07","slug":"formation-technique-en-montage-doffre","status":"publish","type":"page","link":"https:\/\/2it-pse.com\/index.php\/formation-technique-en-montage-doffre\/","title":{"rendered":"formation technique en montage d&#8217;offres"},"content":{"rendered":"<p>[et_pb_section fb_built=&#8221;1&#8243; admin_label=&#8221;Course Hero&#8221; _builder_version=&#8221;4.23.1&#8243; background_color=&#8221;#f0f0f0&#8243; background_enable_image=&#8221;off&#8221; background_blend=&#8221;overlay&#8221; custom_padding=&#8221;0px|0px|80px|0px|false|false&#8221; animation_style=&#8221;slide&#8221; animation_direction=&#8221;top&#8221; animation_intensity_slide=&#8221;2%&#8221; locked=&#8221;off&#8221; global_colors_info=&#8221;{}&#8221;][et_pb_row column_structure=&#8221;3_5,2_5&#8243; _builder_version=&#8221;4.23.1&#8243; width=&#8221;100%&#8221; max_width=&#8221;1450px&#8221; custom_margin=&#8221;|||&#8221; custom_width_px=&#8221;1280px&#8221; global_colors_info=&#8221;{}&#8221;][et_pb_column type=&#8221;3_5&#8243; _builder_version=&#8221;4.16&#8243; custom_padding=&#8221;|||&#8221; global_colors_info=&#8221;{}&#8221; custom_padding__hover=&#8221;|||&#8221;][et_pb_text _builder_version=&#8221;4.23.1&#8243; header_font=&#8221;|600|||||||&#8221; header_text_color=&#8221;#05284F&#8221; header_line_height=&#8221;1.3em&#8221; header_3_text_color=&#8221;#05284F&#8221; background_layout=&#8221;dark&#8221; custom_margin=&#8221;||0px||false|false&#8221; custom_padding=&#8221;|||&#8221; hover_enabled=&#8221;0&#8243; header_font_size_tablet=&#8221;&#8221; header_font_size_phone=&#8221;&#8221; header_font_size_last_edited=&#8221;on|desktop&#8221; locked=&#8221;off&#8221; global_colors_info=&#8221;{}&#8221; sticky_enabled=&#8221;0&#8243;]<\/p>\n<h3 style=\"text-align: center;\"><strong>FORMATION TECHNIQUE EN MONTAGE D\u2019OFFRE TECHNIQUE ET FINANCIERE ET CONDUITE D\u2019UNE EVALUATION D\u2019UN PROJET\/PROGRAMME DE DEVELOPPEMENT<\/strong><\/h3>\n<p>[\/et_pb_text][et_pb_image src=&#8221;http:\/\/2it-pse.com\/wp-content\/uploads\/2024\/04\/Formation-2it-pse-2.jpeg&#8221; title_text=&#8221;Formation 2it-pse&#8221; align_tablet=&#8221;center&#8221; align_phone=&#8221;&#8221; align_last_edited=&#8221;on|desktop&#8221; _builder_version=&#8221;4.23.1&#8243; custom_margin=&#8221;|-61px||||&#8221; animation_style=&#8221;zoom&#8221; animation_direction=&#8221;left&#8221; animation_intensity_zoom=&#8221;20%&#8221; hover_enabled=&#8221;0&#8243; global_colors_info=&#8221;{}&#8221; sticky_enabled=&#8221;0&#8243;][\/et_pb_image][\/et_pb_column][et_pb_column type=&#8221;2_5&#8243; _builder_version=&#8221;4.16&#8243; custom_padding=&#8221;|||&#8221; global_colors_info=&#8221;{}&#8221; custom_padding__hover=&#8221;|||&#8221;][et_pb_blurb title=&#8221;D\u00e9tails de la formations&#8221; url=&#8221;#&#8221; use_icon=&#8221;on&#8221; image_icon_width=&#8221;100px&#8221; admin_label=&#8221;Instructor&#8221; _builder_version=&#8221;4.23.1&#8243; header_font=&#8221;|700|||||||&#8221; header_text_color=&#8221;#02B0EC&#8221; header_line_height=&#8221;1.5em&#8221; body_text_color=&#8221;#333333&#8243; body_line_height=&#8221;1.9em&#8221; background_color=&#8221;#ffffff&#8221; text_orientation=&#8221;center&#8221; width=&#8221;100%&#8221; custom_margin=&#8221;||||false|false&#8221; custom_padding=&#8221;26px|40px|0px|40px|false|false&#8221; animation_style=&#8221;zoom&#8221; animation_direction=&#8221;bottom&#8221; animation_intensity_zoom=&#8221;20%&#8221; animation_starting_opacity=&#8221;100%&#8221; border_radii=&#8221;on|10px|10px|10px|10px&#8221; box_shadow_style=&#8221;preset1&#8243; box_shadow_vertical=&#8221;0px&#8221; box_shadow_blur=&#8221;60px&#8221; box_shadow_color=&#8221;rgba(71,74,182,0.12)&#8221; image_max_width=&#8221;100px&#8221; locked=&#8221;off&#8221; global_colors_info=&#8221;{}&#8221;]<\/p>\n<div class=\"et_pb_module et_pb_text et_pb_text_3  et_pb_text_align_left et_pb_bg_layout_light\">\n<h4 style=\"text-align: center;\">\u00a0<strong>DATE \/ DUR\u00c9E \/ HORAIRES<\/strong><\/h4>\n<div class=\"et_pb_text_inner\" style=\"text-align: justify;\">\n<p><span>\u2022 <strong>Premi\u00e8re option<\/strong> (exclusivement en ligne) : 20 et 21 avril, de 8h \u00e0 18h00 avec pauses <\/span><\/p>\n<p><span>\u2022<\/span><span><strong>Seconde option<\/strong> (en pr\u00e9sentiel \u00e0 Ouagadougou) : 27 et 28 avril, de 8h \u00e0 18h00 avec pauses <\/span><\/p>\n<p><span>\u2022 Nombre de places disponibles par session est de 20<\/span><\/p>\n<\/div>\n<\/div>\n<div class=\"et_pb_module et_pb_text et_pb_text_5  et_pb_text_align_left et_pb_bg_layout_light\" style=\"text-align: justify;\">\n<div class=\"et_pb_text_inner\">\n<h4 style=\"text-align: center;\"><strong>FRAIS <\/strong><\/h4>\n<p>Les frais de participation sont de 200\u00a0000F payables en totalit\u00e9 \u00e0 l\u2019inscription<\/p>\n<\/div>\n<\/div>\n<div class=\"et_pb_module et_pb_text et_pb_text_7  et_pb_text_align_left et_pb_bg_layout_light\" style=\"text-align: justify;\">\n<div class=\"et_pb_text_inner\">\n<h4 style=\"text-align: center;\"><strong>MODALIT\u00c9 DE PAIEMENT<\/strong><\/h4>\n<\/div>\n<\/div>\n<div class=\"et_pb_module et_pb_text et_pb_text_8  et_pb_text_align_left et_pb_bg_layout_light\" style=\"text-align: justify;\">\n<div class=\"et_pb_text_inner\">\n<p>Canaux : Orange Money\u00a0: 226 67 17 57 57<\/p>\n<p>Moov Money\u00a0\u00a0\u00a0 : 226 53 63 95 95<\/p>\n<p>Compte bancaire de 2IT\/PSE \u00e0 VISTA Bank: BF023 \u2013 01053 \u2013 070001066909 &#8211; 12<\/p>\n<\/div>\n<\/div>\n<div class=\"et_pb_module et_pb_text et_pb_text_9  et_pb_text_align_left et_pb_bg_layout_light\" style=\"text-align: justify;\">\n<div class=\"et_pb_text_inner\">\n<h4 style=\"text-align: center;\"><strong>CONTACTS\u00a0<\/strong><\/h4>\n<\/div>\n<\/div>\n<div class=\"et_pb_module et_pb_text et_pb_text_10  et_pb_text_align_left et_pb_bg_layout_light\">\n<div class=\"et_pb_text_inner\">\n<p style=\"text-align: justify;\">Tel\u00a0: +226 25 48 95 95 \/ +226 53 63 95 95 \/ +226 67 17 57 57 (WhatsApp)<\/p>\n<p>Adresse email\u00a0: <a href=\"mailto:administration@2it-pse.com\">administration@2it-pse.com<\/a><\/p>\n<\/div>\n<\/div>\n<p>[\/et_pb_blurb][et_pb_button button_url=&#8221;https:\/\/forms.gle\/gxHNmx8eww68jRYo9&#8243; url_new_window=&#8221;on&#8221; button_text=&#8221;Inscrivez-vous maintenant&#8221; button_alignment=&#8221;center&#8221; _builder_version=&#8221;4.23.1&#8243; custom_button=&#8221;on&#8221; button_text_size=&#8221;16px&#8221; button_text_color=&#8221;#FFFFFF&#8221; button_bg_color=&#8221;#05284F&#8221; button_border_width=&#8221;10px&#8221; button_border_color=&#8221;#05284F&#8221; button_border_radius=&#8221;100px&#8221; button_letter_spacing=&#8221;1px&#8221; button_font=&#8221;|on||on|&#8221; button_icon=&#8221;&#x45;||divi||400&#8243; button_on_hover=&#8221;off&#8221; custom_margin=&#8221;20px|||&#8221; animation_style=&#8221;zoom&#8221; animation_delay=&#8221;100ms&#8221; animation_intensity_zoom=&#8221;6%&#8221; box_shadow_style=&#8221;preset1&#8243; box_shadow_vertical=&#8221;10px&#8221; box_shadow_blur=&#8221;50px&#8221; box_shadow_spread=&#8221;5px&#8221; box_shadow_color=&#8221;rgba(114,114,255,0.4)&#8221; button_letter_spacing_hover=&#8221;2px&#8221; saved_tabs=&#8221;all&#8221; locked=&#8221;off&#8221; global_colors_info=&#8221;{}&#8221; button_text_size__hover_enabled=&#8221;off&#8221; button_text_size__hover=&#8221;null&#8221; button_one_text_size__hover_enabled=&#8221;off&#8221; button_one_text_size__hover=&#8221;null&#8221; button_two_text_size__hover_enabled=&#8221;off&#8221; button_two_text_size__hover=&#8221;null&#8221; button_text_color__hover_enabled=&#8221;off&#8221; button_text_color__hover=&#8221;null&#8221; button_one_text_color__hover_enabled=&#8221;off&#8221; button_one_text_color__hover=&#8221;null&#8221; button_two_text_color__hover_enabled=&#8221;off&#8221; button_two_text_color__hover=&#8221;null&#8221; button_border_width__hover_enabled=&#8221;off&#8221; button_border_width__hover=&#8221;null&#8221; button_one_border_width__hover_enabled=&#8221;off&#8221; button_one_border_width__hover=&#8221;null&#8221; button_two_border_width__hover_enabled=&#8221;off&#8221; button_two_border_width__hover=&#8221;null&#8221; button_border_color__hover_enabled=&#8221;off&#8221; button_border_color__hover=&#8221;null&#8221; button_one_border_color__hover_enabled=&#8221;off&#8221; button_one_border_color__hover=&#8221;null&#8221; button_two_border_color__hover_enabled=&#8221;off&#8221; button_two_border_color__hover=&#8221;null&#8221; button_border_radius__hover_enabled=&#8221;off&#8221; button_border_radius__hover=&#8221;null&#8221; button_one_border_radius__hover_enabled=&#8221;off&#8221; button_one_border_radius__hover=&#8221;null&#8221; button_two_border_radius__hover_enabled=&#8221;off&#8221; button_two_border_radius__hover=&#8221;null&#8221; button_letter_spacing__hover_enabled=&#8221;on&#8221; button_letter_spacing__hover=&#8221;2px&#8221; button_one_letter_spacing__hover_enabled=&#8221;off&#8221; button_one_letter_spacing__hover=&#8221;null&#8221; button_two_letter_spacing__hover_enabled=&#8221;off&#8221; button_two_letter_spacing__hover=&#8221;null&#8221; button_bg_color__hover_enabled=&#8221;off&#8221; button_bg_color__hover=&#8221;null&#8221; button_one_bg_color__hover_enabled=&#8221;off&#8221; button_one_bg_color__hover=&#8221;null&#8221; button_two_bg_color__hover_enabled=&#8221;off&#8221; button_two_bg_color__hover=&#8221;null&#8221;][\/et_pb_button][\/et_pb_column][\/et_pb_row][\/et_pb_section][et_pb_section fb_built=&#8221;1&#8243; _builder_version=&#8221;4.23.1&#8243; _module_preset=&#8221;default&#8221; global_colors_info=&#8221;{}&#8221;][et_pb_row _builder_version=&#8221;4.23.1&#8243; _module_preset=&#8221;default&#8221; width=&#8221;100%&#8221; max_width=&#8221;1500px&#8221; custom_margin=&#8221;10px||10px||true|false&#8221; custom_padding=&#8221;30px||30px||true|false&#8221; global_colors_info=&#8221;{}&#8221;][et_pb_column type=&#8221;4_4&#8243; _builder_version=&#8221;4.23.1&#8243; _module_preset=&#8221;default&#8221; global_colors_info=&#8221;{}&#8221;][et_pb_blurb title=&#8221;CONTENU &#8221; url=&#8221;#&#8221; image=&#8221;http:\/\/2it-pse.com\/wp-content\/uploads\/2024\/04\/coding-icon_4.jpg&#8221; icon_placement=&#8221;left&#8221; image_icon_width=&#8221;64px&#8221; content_max_width=&#8221;1100px&#8221; admin_label=&#8221;Chapter&#8221; _builder_version=&#8221;4.23.1&#8243; header_font=&#8221;|on|||&#8221; header_text_color=&#8221;#05284F&#8221; header_line_height=&#8221;1.5em&#8221; body_text_color=&#8221;#333333&#8243; body_font_size=&#8221;16px&#8221; body_line_height=&#8221;1.9em&#8221; background_color=&#8221;#ffffff&#8221; custom_margin=&#8221;|||&#8221; custom_padding=&#8221;30px|40px|30px|40px&#8221; animation_style=&#8221;zoom&#8221; animation_direction=&#8221;bottom&#8221; animation_intensity_zoom=&#8221;20%&#8221; animation_starting_opacity=&#8221;100%&#8221; box_shadow_style=&#8221;preset2&#8243; box_shadow_horizontal=&#8221;0px&#8221; box_shadow_vertical=&#8221;0px&#8221; box_shadow_blur=&#8221;60px&#8221; box_shadow_color=&#8221;rgba(71,74,182,0.12)&#8221; image_max_width=&#8221;64px&#8221; locked=&#8221;off&#8221; global_colors_info=&#8221;{}&#8221;]<\/p>\n<ul>\n<li>Conception d\u2019une offre technique attrayante pour une \u00e9valuation (\u00e0 mi-parcours, finale, d\u2019impact) d\u2019un projet\/programme<\/li>\n<li>Conception d\u2019une offre financi\u00e8re comp\u00e9titive pour une \u00e9valuation (\u00e0 mi-parcours, finale, d\u2019impact) d\u2019un projet\/ programme<\/li>\n<li>Contenu substantiel des aspects administratifs et organisationnels de l\u2019\u00e9valuation (\u00e0 mi-parcours, finale, d\u2019impact)<\/li>\n<\/ul>\n<p>[\/et_pb_blurb][\/et_pb_column][\/et_pb_row][et_pb_row column_structure=&#8221;1_2,1_2&#8243; _builder_version=&#8221;4.23.1&#8243; _module_preset=&#8221;default&#8221; width=&#8221;100%&#8221; max_width=&#8221;1500px&#8221; custom_margin=&#8221;10px||10px||true|false&#8221; custom_padding=&#8221;30px||30px||true|false&#8221; global_colors_info=&#8221;{}&#8221;][et_pb_column type=&#8221;1_2&#8243; _builder_version=&#8221;4.23.1&#8243; _module_preset=&#8221;default&#8221; global_colors_info=&#8221;{}&#8221;][et_pb_blurb title=&#8221;EXPERTS-FORMATEURS&#8221; url=&#8221;#&#8221; use_icon=&#8221;on&#8221; font_icon=&#8221;&#xf559;||fa||900&#8243; icon_color=&#8221;#05284F&#8221; icon_placement=&#8221;left&#8221; image_icon_width=&#8221;64px&#8221; content_max_width=&#8221;1100px&#8221; admin_label=&#8221;Chapter&#8221; _builder_version=&#8221;4.23.1&#8243; header_font=&#8221;|on|||&#8221; header_text_color=&#8221;#05284F&#8221; header_line_height=&#8221;1.5em&#8221; body_text_color=&#8221;#333333&#8243; body_font_size=&#8221;16px&#8221; body_line_height=&#8221;1.9em&#8221; background_color=&#8221;#ffffff&#8221; custom_margin=&#8221;|||&#8221; custom_padding=&#8221;30px|40px|30px|40px&#8221; animation_style=&#8221;zoom&#8221; animation_direction=&#8221;bottom&#8221; animation_intensity_zoom=&#8221;20%&#8221; animation_starting_opacity=&#8221;100%&#8221; box_shadow_style=&#8221;preset2&#8243; box_shadow_horizontal=&#8221;0px&#8221; box_shadow_vertical=&#8221;0px&#8221; box_shadow_blur=&#8221;60px&#8221; box_shadow_color=&#8221;rgba(71,74,182,0.12)&#8221; image_max_width=&#8221;64px&#8221; locked=&#8221;off&#8221; global_colors_info=&#8221;{}&#8221;]<\/p>\n<ul>\n<li><strong>KADEOUA Adolphe<\/strong>, Expert international en Evaluation de projets et programmes, Directeur G\u00e9n\u00e9ral de Nazan Group<\/li>\n<li><strong>M. KONKOBO Bourahima<\/strong>, Expert international en Evaluation d\u2019une vingtaine d\u2019\u00e9valuation de projets et dans plus d\u2019une quinzaine de pays<\/li>\n<\/ul>\n<p>[\/et_pb_blurb][\/et_pb_column][et_pb_column type=&#8221;1_2&#8243; _builder_version=&#8221;4.23.1&#8243; _module_preset=&#8221;default&#8221; global_colors_info=&#8221;{}&#8221;][et_pb_blurb title=&#8221;SUPERVISEURS SCIENTIFIQUES&#8221; url=&#8221;#&#8221; use_icon=&#8221;on&#8221; font_icon=&#8221;&#xf470;||fa||900&#8243; icon_color=&#8221;#05284F&#8221; icon_placement=&#8221;left&#8221; image_icon_width=&#8221;64px&#8221; content_max_width=&#8221;1100px&#8221; admin_label=&#8221;Chapter&#8221; _builder_version=&#8221;4.23.1&#8243; header_font=&#8221;|on|||&#8221; header_text_color=&#8221;#05284F&#8221; header_line_height=&#8221;1.5em&#8221; body_text_color=&#8221;#333333&#8243; body_font_size=&#8221;16px&#8221; body_line_height=&#8221;1.9em&#8221; background_color=&#8221;#ffffff&#8221; custom_margin=&#8221;|||&#8221; custom_padding=&#8221;30px|40px|30px|40px&#8221; animation_style=&#8221;zoom&#8221; animation_direction=&#8221;bottom&#8221; animation_intensity_zoom=&#8221;20%&#8221; animation_starting_opacity=&#8221;100%&#8221; box_shadow_style=&#8221;preset2&#8243; box_shadow_horizontal=&#8221;0px&#8221; box_shadow_vertical=&#8221;0px&#8221; box_shadow_blur=&#8221;60px&#8221; box_shadow_color=&#8221;rgba(71,74,182,0.12)&#8221; image_max_width=&#8221;64px&#8221; locked=&#8221;off&#8221; global_colors_info=&#8221;{}&#8221;]<\/p>\n<ul>\n<li><strong>Dr Mich\u00e9 OUEDRAOGO<\/strong>, Pr\u00e9sident de l\u2019Association Africaine d\u2019Evaluation &#8211; AfrEA<\/li>\n<li><strong>Dr. Issiaka SOMBIE<\/strong>, Economiste, Expert international, Sp\u00e9cialiste en Planification, suivi et \u00e9valuation du d\u00e9veloppement<\/li>\n<\/ul>\n<p>[\/et_pb_blurb][\/et_pb_column][\/et_pb_row][et_pb_row column_structure=&#8221;1_2,1_2&#8243; _builder_version=&#8221;4.23.1&#8243; _module_preset=&#8221;default&#8221; width=&#8221;100%&#8221; max_width=&#8221;1500px&#8221; custom_margin=&#8221;10px||10px||true|false&#8221; custom_padding=&#8221;30px||30px||true|false&#8221; global_colors_info=&#8221;{}&#8221;][et_pb_column type=&#8221;1_2&#8243; _builder_version=&#8221;4.23.1&#8243; _module_preset=&#8221;default&#8221; global_colors_info=&#8221;{}&#8221;][et_pb_blurb title=&#8221;OBJECTIFS &#8221; url=&#8221;#&#8221; use_icon=&#8221;on&#8221; font_icon=&#8221;&#xf140;||fa||900&#8243; icon_color=&#8221;#05284F&#8221; icon_placement=&#8221;left&#8221; image_icon_width=&#8221;64px&#8221; content_max_width=&#8221;1100px&#8221; admin_label=&#8221;Chapter&#8221; _builder_version=&#8221;4.23.1&#8243; header_font=&#8221;|on|||&#8221; header_text_color=&#8221;#05284F&#8221; header_line_height=&#8221;1.5em&#8221; body_text_color=&#8221;#333333&#8243; body_font_size=&#8221;16px&#8221; body_line_height=&#8221;1.9em&#8221; background_color=&#8221;#ffffff&#8221; custom_margin=&#8221;|||&#8221; custom_padding=&#8221;30px|40px|30px|40px&#8221; animation_style=&#8221;zoom&#8221; animation_direction=&#8221;bottom&#8221; animation_intensity_zoom=&#8221;20%&#8221; animation_starting_opacity=&#8221;100%&#8221; border_color_all_image=&#8221;#05284F&#8221; box_shadow_style=&#8221;preset2&#8243; box_shadow_horizontal=&#8221;0px&#8221; box_shadow_vertical=&#8221;0px&#8221; box_shadow_blur=&#8221;60px&#8221; box_shadow_color=&#8221;rgba(71,74,182,0.12)&#8221; image_max_width=&#8221;64px&#8221; locked=&#8221;off&#8221; global_colors_info=&#8221;{}&#8221;]<\/p>\n<ul>\n<li>Maitriser les contours de la conception de l\u2019offre technique et financi\u00e8re d\u2019une \u00e9valuation \u00e0 mi-parcours et finale d\u2019un projet ou programme.<\/li>\n<li>Ma\u00eetriser les diff\u00e9rentes \u00e9tapes administratives, organisationnelles, et techniques de la conduite d\u2019une \u00e9valuation (\u00e0 mi-parcours, finale, d\u2019impact)<\/li>\n<\/ul>\n<p>[\/et_pb_blurb][\/et_pb_column][et_pb_column type=&#8221;1_2&#8243; _builder_version=&#8221;4.23.1&#8243; _module_preset=&#8221;default&#8221; global_colors_info=&#8221;{}&#8221;][et_pb_blurb title=&#8221;PUBLIC CIBLE&#8221; url=&#8221;#&#8221; use_icon=&#8221;on&#8221; font_icon=&#8221;&#xf0c0;||fa||900&#8243; icon_color=&#8221;#05284F&#8221; icon_placement=&#8221;left&#8221; image_icon_width=&#8221;64px&#8221; content_max_width=&#8221;1100px&#8221; admin_label=&#8221;Chapter&#8221; _builder_version=&#8221;4.23.1&#8243; header_font=&#8221;|on|||&#8221; header_text_color=&#8221;#05284F&#8221; header_line_height=&#8221;1.5em&#8221; body_text_color=&#8221;#333333&#8243; body_font_size=&#8221;16px&#8221; body_line_height=&#8221;1.9em&#8221; background_color=&#8221;#ffffff&#8221; custom_margin=&#8221;|||&#8221; custom_padding=&#8221;30px|40px|30px|40px&#8221; animation_style=&#8221;zoom&#8221; animation_direction=&#8221;bottom&#8221; animation_intensity_zoom=&#8221;20%&#8221; animation_starting_opacity=&#8221;100%&#8221; border_color_all_image=&#8221;#05284F&#8221; box_shadow_style=&#8221;preset2&#8243; box_shadow_horizontal=&#8221;0px&#8221; box_shadow_vertical=&#8221;0px&#8221; box_shadow_blur=&#8221;60px&#8221; box_shadow_color=&#8221;rgba(71,74,182,0.12)&#8221; image_max_width=&#8221;64px&#8221; locked=&#8221;off&#8221; global_colors_info=&#8221;{}&#8221;]<\/p>\n<ul>\n<li>Consultants et experts juniors et seniors<\/li>\n<li>Gestionnaires ou Chefs de projets<\/li>\n<li>G\u00e9rants ou Responsables de cabinets d\u2019\u00e9tudes<\/li>\n<li>Enseignants-chercheurs<\/li>\n<li>Cadres de l\u2019administration publique et priv\u00e9e<\/li>\n<\/ul>\n<p>[\/et_pb_blurb][\/et_pb_column][\/et_pb_row][\/et_pb_section][et_pb_section fb_built=&#8221;1&#8243; admin_label=&#8221;Footer&#8221; _builder_version=&#8221;4.16&#8243; background_color=&#8221;#f7f8fc&#8221; custom_padding=&#8221;0px|0px|100px|0px&#8221; animation_style=&#8221;zoom&#8221; animation_direction=&#8221;bottom&#8221; animation_intensity_zoom=&#8221;6%&#8221; animation_starting_opacity=&#8221;100%&#8221; saved_tabs=&#8221;all&#8221; locked=&#8221;off&#8221; global_colors_info=&#8221;{}&#8221;][et_pb_row use_custom_gutter=&#8221;on&#8221; gutter_width=&#8221;4&#8243; _builder_version=&#8221;4.23.1&#8243; custom_margin=&#8221;-80px|||&#8221; custom_padding=&#8221;0px|||&#8221; locked=&#8221;off&#8221; global_colors_info=&#8221;{}&#8221;][et_pb_column type=&#8221;4_4&#8243; _builder_version=&#8221;4.16&#8243; custom_padding=&#8221;|||&#8221; global_colors_info=&#8221;{}&#8221; parallax__hover=&#8221;off&#8221; parallax_method__hover=&#8221;on&#8221; custom_padding__hover=&#8221;|||&#8221;][et_pb_button button_url=&#8221;https:\/\/forms.gle\/gxHNmx8eww68jRYo9&#8243; url_new_window=&#8221;on&#8221; button_text=&#8221;Inscrivez-vous maintenant&#8221; button_alignment=&#8221;center&#8221; _builder_version=&#8221;4.23.1&#8243; custom_button=&#8221;on&#8221; button_text_size=&#8221;16px&#8221; button_text_color=&#8221;#FFFFFF&#8221; button_bg_color=&#8221;#05284F&#8221; button_border_width=&#8221;10px&#8221; button_border_color=&#8221;#05284F&#8221; button_border_radius=&#8221;100px&#8221; button_letter_spacing=&#8221;1px&#8221; button_font=&#8221;|on||on|&#8221; button_icon=&#8221;&#x45;||divi||400&#8243; button_on_hover=&#8221;off&#8221; custom_margin=&#8221;20px|||&#8221; animation_style=&#8221;zoom&#8221; animation_delay=&#8221;100ms&#8221; animation_intensity_zoom=&#8221;6%&#8221; box_shadow_style=&#8221;preset1&#8243; box_shadow_vertical=&#8221;10px&#8221; box_shadow_blur=&#8221;50px&#8221; box_shadow_spread=&#8221;5px&#8221; box_shadow_color=&#8221;rgba(114,114,255,0.4)&#8221; button_letter_spacing_hover=&#8221;2px&#8221; saved_tabs=&#8221;all&#8221; locked=&#8221;off&#8221; global_colors_info=&#8221;{}&#8221; button_text_size__hover_enabled=&#8221;off&#8221; button_text_size__hover=&#8221;null&#8221; button_one_text_size__hover_enabled=&#8221;off&#8221; button_one_text_size__hover=&#8221;null&#8221; button_two_text_size__hover_enabled=&#8221;off&#8221; button_two_text_size__hover=&#8221;null&#8221; button_text_color__hover_enabled=&#8221;off&#8221; button_text_color__hover=&#8221;null&#8221; button_one_text_color__hover_enabled=&#8221;off&#8221; button_one_text_color__hover=&#8221;null&#8221; button_two_text_color__hover_enabled=&#8221;off&#8221; button_two_text_color__hover=&#8221;null&#8221; button_border_width__hover_enabled=&#8221;off&#8221; button_border_width__hover=&#8221;null&#8221; button_one_border_width__hover_enabled=&#8221;off&#8221; button_one_border_width__hover=&#8221;null&#8221; button_two_border_width__hover_enabled=&#8221;off&#8221; button_two_border_width__hover=&#8221;null&#8221; button_border_color__hover_enabled=&#8221;off&#8221; button_border_color__hover=&#8221;null&#8221; button_one_border_color__hover_enabled=&#8221;off&#8221; button_one_border_color__hover=&#8221;null&#8221; button_two_border_color__hover_enabled=&#8221;off&#8221; button_two_border_color__hover=&#8221;null&#8221; button_border_radius__hover_enabled=&#8221;off&#8221; button_border_radius__hover=&#8221;null&#8221; button_one_border_radius__hover_enabled=&#8221;off&#8221; button_one_border_radius__hover=&#8221;null&#8221; button_two_border_radius__hover_enabled=&#8221;off&#8221; button_two_border_radius__hover=&#8221;null&#8221; button_letter_spacing__hover_enabled=&#8221;on&#8221; button_letter_spacing__hover=&#8221;2px&#8221; button_one_letter_spacing__hover_enabled=&#8221;off&#8221; button_one_letter_spacing__hover=&#8221;null&#8221; button_two_letter_spacing__hover_enabled=&#8221;off&#8221; button_two_letter_spacing__hover=&#8221;null&#8221; button_bg_color__hover_enabled=&#8221;off&#8221; button_bg_color__hover=&#8221;null&#8221; button_one_bg_color__hover_enabled=&#8221;off&#8221; button_one_bg_color__hover=&#8221;null&#8221; button_two_bg_color__hover_enabled=&#8221;off&#8221; button_two_bg_color__hover=&#8221;null&#8221;][\/et_pb_button][\/et_pb_column][\/et_pb_row][et_pb_row disabled_on=&#8221;on|on|on&#8221; _builder_version=&#8221;4.23.1&#8243; _module_preset=&#8221;default&#8221; disabled=&#8221;on&#8221; global_colors_info=&#8221;{}&#8221;][et_pb_column type=&#8221;4_4&#8243; _builder_version=&#8221;4.23.1&#8243; _module_preset=&#8221;default&#8221; global_colors_info=&#8221;{}&#8221;][et_pb_video src=&#8221;https:\/\/www.youtube.com\/watch?v=FkQuawiGWUw&#8221; _builder_version=&#8221;4.23.1&#8243; _module_preset=&#8221;default&#8221; global_colors_info=&#8221;{}&#8221;][\/et_pb_video][\/et_pb_column][\/et_pb_row][\/et_pb_section]<\/p>\n","protected":false},"excerpt":{"rendered":"<p>FORMATION TECHNIQUE EN MONTAGE D\u2019OFFRE TECHNIQUE ET FINANCIERE ET CONDUITE D\u2019UNE EVALUATION D\u2019UN PROJET\/PROGRAMME DE DEVELOPPEMENT \u00a0DATE \/ DUR\u00c9E \/ HORAIRES \u2022 Premi\u00e8re option (exclusivement en ligne) : 20 et 21 avril, de 8h \u00e0 18h00 avec pauses \u2022Seconde option (en pr\u00e9sentiel \u00e0 Ouagadougou) : 27 et 28 avril, de 8h \u00e0 18h00 avec pauses [&hellip;]<\/p>\n","protected":false},"author":1,"featured_media":0,"parent":0,"menu_order":0,"comment_status":"closed","ping_status":"closed","template":"","meta":{"_et_pb_use_builder":"on","_et_pb_old_content":"","_et_gb_content_width":"","om_disable_all_campaigns":false,"footnotes":""},"class_list":["post-444939","page","type-page","status-publish","hentry"],"aioseo_notices":[],"_links":{"self":[{"href":"https:\/\/2it-pse.com\/index.php\/wp-json\/wp\/v2\/pages\/444939","targetHints":{"allow":["GET"]}}],"collection":[{"href":"https:\/\/2it-pse.com\/index.php\/wp-json\/wp\/v2\/pages"}],"about":[{"href":"https:\/\/2it-pse.com\/index.php\/wp-json\/wp\/v2\/types\/page"}],"author":[{"embeddable":true,"href":"https:\/\/2it-pse.com\/index.php\/wp-json\/wp\/v2\/users\/1"}],"replies":[{"embeddable":true,"href":"https:\/\/2it-pse.com\/index.php\/wp-json\/wp\/v2\/comments?post=444939"}],"version-history":[{"count":21,"href":"https:\/\/2it-pse.com\/index.php\/wp-json\/wp\/v2\/pages\/444939\/revisions"}],"predecessor-version":[{"id":444976,"href":"https:\/\/2it-pse.com\/index.php\/wp-json\/wp\/v2\/pages\/444939\/revisions\/444976"}],"wp:attachment":[{"href":"https:\/\/2it-pse.com\/index.php\/wp-json\/wp\/v2\/media?parent=444939"}],"curies":[{"name":"wp","href":"https:\/\/api.w.org\/{rel}","templated":true}]}}